{"id":50,"date":"2018-10-19T21:56:11","date_gmt":"2018-10-19T18:56:11","guid":{"rendered":"http:\/\/medanis.net\/nurgrup\/?page_id=50"},"modified":"2025-08-12T15:45:13","modified_gmt":"2025-08-12T12:45:13","slug":"ngbasindanhaberler","status":"publish","type":"page","link":"https:\/\/nurgroupmuhendislik.com\/tr\/ngbasindanhaberler\/","title":{"rendered":"BASINDA B\u0130Z"},"content":{"rendered":"<p>&nbsp;<\/p>\n<h1 style=\"color: #f75c03;\">Bas\u0131nda Biz<\/h1>\n<h2 style=\"color: #f75c03;\">NG Attachments | Ulusal ve Uluslararas\u0131 Bas\u0131nda<\/h2>\n<p>\u0130\u015f makinas\u0131 ata\u015fman \u00fcretiminde T\u00fcrkiye\u2019nin \u00f6nde gelen markalar\u0131ndan NG Attachments, yurt i\u00e7i ve yurt d\u0131\u015f\u0131nda bir\u00e7ok haber platformunda ba\u015far\u0131lar\u0131yla yer ald\u0131. A\u015fa\u011f\u0131da \u00f6ne \u00e7\u0131kan baz\u0131 medya haber ba\u011flant\u0131lar\u0131n\u0131 bulabilirsiniz:<\/p>\n<ul style=\"line-height: 1.8;\">\n<li><a href=\"https:\/\/www.aa.com.tr\/tr\/gundem\/turk-kepce-ureticisi-gozunu-abd-pazarina-dikti\/3402627\" target=\"_blank\" rel=\"noopener nofollow\">Anadolu Ajans\u0131 \u2013 T\u00fcrk Kep\u00e7e \u00dcreticisi G\u00f6z\u00fcn\u00fc ABD Pazar\u0131na Dikti<\/a><\/li>\n<li><a href=\"https:\/\/www.ostimgazetesi.com\/ostim\/miami-limaninin-atasmanlari-ostimden-haberi-3759\" target=\"_blank\" rel=\"noopener nofollow\">Ostim Gazetesi \u2013 Miami Liman\u0131n\u0131n Ata\u015fmanlar\u0131 OST\u0130M\u2019den<\/a><\/li>\n<li><a href=\"https:\/\/www.sozcu.com.tr\/turk-kepce-ureticisi-gozunu-abd-pazarina-dikti-p107247\" target=\"_blank\" rel=\"noopener nofollow\">S\u00f6zc\u00fc \u2013 T\u00fcrk Kep\u00e7e \u00dcreticisi ABD Pazar\u0131na A\u00e7\u0131l\u0131yor<\/a><\/li>\n<li><a href=\"https:\/\/halktv.com.tr\/ekonomi\/turk-kepce-ureticisi-abdye-aciliyor-890973h\" target=\"_blank\" rel=\"noopener nofollow\">Halk TV \u2013 T\u00fcrk Kep\u00e7e \u00dcreticisi ABD\u2019ye A\u00e7\u0131l\u0131yor<\/a><\/li>\n<li><a href=\"https:\/\/www.sokgazetesi.com.tr\/turk-kepce-ureticisi-gozunu-abd-pazarina-dikti\" target=\"_blank\" rel=\"noopener nofollow\">Sok Gazetesi \u2013 OST\u0130M\u2019den D\u00fcnyaya Ata\u015fman<\/a><\/li>\n<li><a href=\"https:\/\/www.haberabd.com\/turk-kepce-ureticisi-gozunu-abd-pazarina-dikti-396760h.htm\" target=\"_blank\" rel=\"noopener nofollow\">Haber ABD \u2013 T\u00fcrk Ata\u015fman Markas\u0131 Globalde<\/a><\/li>\n<li><a href=\"https:\/\/www.haberturk.com\/ankara-haberleri\/36276837-ozel-haber-gundemi\u201324-kasim-2024\" target=\"_blank\" rel=\"noopener nofollow\">Habert\u00fcrk \u2013 OST\u0130M\u2019den K\u00fcresel Ba\u015far\u0131<\/a><\/li>\n<\/ul>\n<h2 style=\"color: #f75c03;\">Bas\u0131nda Yer Alan Konu Ba\u015fl\u0131klar\u0131m\u0131z<\/h2>\n<ul>\n<li>Liman ata\u015fmanlar\u0131 ihracat\u0131 (ABD, \u0130spanya, Kanada)<\/li>\n<li>Ekskavat\u00f6r ata\u015fmanlar\u0131nda T\u00fcrkiye&#8217;nin y\u00fckselen markas\u0131<\/li>\n<li>OST\u0130M\u2019den global pazara a\u00e7\u0131l\u0131m<\/li>\n<li>Y\u0131k\u0131m ata\u015fmanlar\u0131 ve liman \u00e7\u00f6z\u00fcmleri \u00fczerine \u00f6zel haberler<\/li>\n<\/ul>\n<h2 style=\"color: #f75c03;\">\u0130leti\u015fim ve Bas\u0131n Destek<\/h2>\n<p><strong>Bas\u0131n talepleri ve r\u00f6portaj ba\u015fvurular\u0131 i\u00e7in:<\/strong><br \/>\ninfo@nurgroup.com.tr<\/p>\n<p><!-- Gizli SEO Anahtar Kelimeleri --><\/p>\n<div style=\"display: none;\">NG Attachments bas\u0131n, ostim ata\u015fman \u00fcreticisi, i\u015f makinas\u0131 ihracat, liman kep\u00e7esi, ekskavat\u00f6r ata\u015fman markas\u0131, T\u00fcrk ata\u015fman ihracat\u00e7\u0131s\u0131, high reach demolition, selector grab, polip kep\u00e7e \u00fcreticisi, Amerika ata\u015fman pazar\u0131, T\u00fcrk imalat sekt\u00f6r\u00fc bas\u0131n, AA NG Attachments, Habert\u00fcrk OST\u0130M<\/div>\n<p>&nbsp;<\/p>\n","protected":false},"excerpt":{"rendered":"<p>&nbsp; Bas\u0131nda Biz NG Attachments | Ulusal ve Uluslararas\u0131 Bas\u0131nda \u0130\u015f makinas\u0131 ata\u015fman \u00fcretiminde T\u00fcrkiye\u2019nin \u00f6nde gelen markalar\u0131ndan NG Attachments, yurt i\u00e7i ve yurt d\u0131\u015f\u0131nda bir\u00e7ok haber platformunda ba\u015far\u0131lar\u0131yla yer ald\u0131. A\u015fa\u011f\u0131da \u00f6ne \u00e7\u0131kan baz\u0131 medya haber ba\u011flant\u0131lar\u0131n\u0131 bulabilirsiniz: Anadolu Ajans\u0131 \u2013 T\u00fcrk Kep\u00e7e \u00dcreticisi G\u00f6z\u00fcn\u00fc ABD Pazar\u0131na Dikti Ostim Gazetesi \u2013 Miami Liman\u0131n\u0131n Ata\u015fmanlar\u0131 [&hellip;]<\/p>\n","protected":false},"author":1,"featured_media":0,"parent":0,"menu_order":0,"comment_status":"closed","ping_status":"closed","template":"","meta":{"footnotes":""},"class_list":["post-50","page","type-page","status-publish","hentry"],"_hostinger_reach_plugin_has_subscription_block":false,"_hostinger_reach_plugin_is_elementor":false,"_links":{"self":[{"href":"https:\/\/nurgroupmuhendislik.com\/tr\/wp-json\/wp\/v2\/pages\/50","targetHints":{"allow":["GET"]}}],"collection":[{"href":"https:\/\/nurgroupmuhendislik.com\/tr\/wp-json\/wp\/v2\/pages"}],"about":[{"href":"https:\/\/nurgroupmuhendislik.com\/tr\/wp-json\/wp\/v2\/types\/page"}],"author":[{"embeddable":true,"href":"https:\/\/nurgroupmuhendislik.com\/tr\/wp-json\/wp\/v2\/users\/1"}],"replies":[{"embeddable":true,"href":"https:\/\/nurgroupmuhendislik.com\/tr\/wp-json\/wp\/v2\/comments?post=50"}],"version-history":[{"count":4,"href":"https:\/\/nurgroupmuhendislik.com\/tr\/wp-json\/wp\/v2\/pages\/50\/revisions"}],"predecessor-version":[{"id":27325,"href":"https:\/\/nurgroupmuhendislik.com\/tr\/wp-json\/wp\/v2\/pages\/50\/revisions\/27325"}],"wp:attachment":[{"href":"https:\/\/nurgroupmuhendislik.com\/tr\/wp-json\/wp\/v2\/media?parent=50"}],"curies":[{"name":"wp","href":"https:\/\/api.w.org\/{rel}","templated":true}]}}