{"id":48,"date":"2018-10-19T21:55:45","date_gmt":"2018-10-19T18:55:45","guid":{"rendered":"http:\/\/medanis.net\/nurgrup\/?page_id=48"},"modified":"2018-10-22T22:29:29","modified_gmt":"2018-10-22T19:29:29","slug":"basvuru","status":"publish","type":"page","link":"https:\/\/nurgroupmuhendislik.com\/tr\/basvuru\/","title":{"rendered":"Ba\u015fvuru"},"content":{"rendered":"\n<div class=\"wpcf7 no-js\" id=\"wpcf7-f71-o1\" lang=\"tr-TR\" dir=\"ltr\" data-wpcf7-id=\"71\">\n<div class=\"screen-reader-response\"><p role=\"status\" aria-live=\"polite\" aria-atomic=\"true\"><\/p> <ul><\/ul><\/div>\n<form action=\"\/tr\/wp-json\/wp\/v2\/pages\/48#wpcf7-f71-o1\" method=\"post\" class=\"wpcf7-form init\" aria-label=\"Contact form\" enctype=\"multipart\/form-data\" novalidate=\"novalidate\" data-status=\"init\">\n<fieldset class=\"hidden-fields-container\"><input type=\"hidden\" name=\"_wpcf7\" value=\"71\" \/><input type=\"hidden\" name=\"_wpcf7_version\" value=\"6.1.5\" \/><input type=\"hidden\" name=\"_wpcf7_locale\" value=\"tr_TR\" \/><input type=\"hidden\" name=\"_wpcf7_unit_tag\" value=\"wpcf7-f71-o1\" \/><input type=\"hidden\" name=\"_wpcf7_container_post\" value=\"0\" \/><input type=\"hidden\" name=\"_wpcf7_posted_data_hash\" value=\"\" \/>\n<\/fieldset>\n<p><label> Ad\u0131n\u0131z*<br \/>\n<span class=\"wpcf7-form-control-wrap\" data-name=\"your-name\"><input size=\"40\" maxlength=\"400\" class=\"wpcf7-form-control wpcf7-text wpcf7-validates-as-required\" aria-required=\"true\" aria-invalid=\"false\" value=\"\" type=\"text\" name=\"your-name\" \/><\/span> <\/label>\n<\/p>\n<p><label> Telefon Numaras\u0131*<br \/>\n<span class=\"wpcf7-form-control-wrap\" data-name=\"your-telefon\"><input size=\"40\" maxlength=\"400\" class=\"wpcf7-form-control wpcf7-text wpcf7-validates-as-required\" aria-required=\"true\" aria-invalid=\"false\" value=\"\" type=\"text\" name=\"your-telefon\" \/><\/span> <\/label>\n<\/p>\n<p><label> Adres*<br \/>\n<span class=\"wpcf7-form-control-wrap\" data-name=\"your-adres\"><input size=\"40\" maxlength=\"400\" class=\"wpcf7-form-control wpcf7-text wpcf7-validates-as-required\" aria-required=\"true\" aria-invalid=\"false\" value=\"\" type=\"text\" name=\"your-adres\" \/><\/span> <\/label>\n<\/p>\n<p><label> E-posta adresiniz*<br \/>\n<span class=\"wpcf7-form-control-wrap\" data-name=\"your-email\"><input size=\"40\" maxlength=\"400\" class=\"wpcf7-form-control wpcf7-email wpcf7-validates-as-required wpcf7-text wpcf7-validates-as-email\" aria-required=\"true\" aria-invalid=\"false\" value=\"\" type=\"email\" name=\"your-email\" \/><\/span> <\/label>\n<\/p>\n<p><label> Foto\u011fraf Y\u00fckle*<br \/>\n<span class=\"wpcf7-form-control-wrap\" data-name=\"file-862\"><input size=\"40\" class=\"wpcf7-form-control wpcf7-file wpcf7-validates-as-required\" accept=\".jpg,.png\" aria-required=\"true\" aria-invalid=\"false\" type=\"file\" name=\"file-862\" \/><\/span> <\/label>\n<\/p>\n<p><label> Do\u011fum Tarihi*<br \/>\n<span class=\"wpcf7-form-control-wrap\" data-name=\"date-dogum\"><input class=\"wpcf7-form-control wpcf7-date wpcf7-validates-as-required wpcf7-validates-as-date\" aria-required=\"true\" aria-invalid=\"false\" value=\"\" type=\"date\" name=\"date-dogum\" \/><\/span> <\/label>\n<\/p>\n<p><label class=\"kisa2\"> Kan Grubu*<br \/>\n<span class=\"wpcf7-form-control-wrap\" data-name=\"your-kan\"><input size=\"40\" maxlength=\"400\" class=\"wpcf7-form-control wpcf7-text wpcf7-validates-as-required\" aria-required=\"true\" aria-invalid=\"false\" value=\"\" type=\"text\" name=\"your-kan\" \/><\/span> <\/label>\n<\/p>\n<p><label class=\"kisa2\"> Kilonuz*<br \/>\n<span class=\"wpcf7-form-control-wrap\" data-name=\"your-kilo\"><input size=\"40\" maxlength=\"400\" class=\"wpcf7-form-control wpcf7-text wpcf7-validates-as-required\" aria-required=\"true\" aria-invalid=\"false\" value=\"\" type=\"text\" name=\"your-kilo\" \/><\/span> <\/label>\n<\/p>\n<p><label class=\"kisa\"> Herhangi Bir Rahats\u0131zl\u0131\u011f\u0131n\u0131z*<br \/>\n<span class=\"wpcf7-form-control-wrap\" data-name=\"your-rahatsizlik\"><span class=\"wpcf7-form-control wpcf7-checkbox\"><span class=\"wpcf7-list-item first\"><input type=\"checkbox\" name=\"your-rahatsizlik[]\" value=\"Var\" \/><span class=\"wpcf7-list-item-label\">Var<\/span><\/span><span class=\"wpcf7-list-item last\"><input type=\"checkbox\" name=\"your-rahatsizlik[]\" value=\"Yok\" \/><span class=\"wpcf7-list-item-label\">Yok<\/span><\/span><\/span><\/span> <\/label>\n<\/p>\n<p><label class=\"kisa\"> Sab\u0131ka Kayd\u0131n\u0131z*<br \/>\n<span class=\"wpcf7-form-control-wrap\" data-name=\"your-sabika\"><span class=\"wpcf7-form-control wpcf7-checkbox\"><span class=\"wpcf7-list-item first\"><input type=\"checkbox\" name=\"your-sabika[]\" value=\"Var\" \/><span class=\"wpcf7-list-item-label\">Var<\/span><\/span><span class=\"wpcf7-list-item last\"><input type=\"checkbox\" name=\"your-sabika[]\" value=\"Yok\" \/><span class=\"wpcf7-list-item-label\">Yok<\/span><\/span><\/span><\/span> <\/label>\n<\/p>\n<p><label class=\"kisa\"> Ehliyetiniz*<br \/>\n<span class=\"wpcf7-form-control-wrap\" data-name=\"your-ehliyet\"><span class=\"wpcf7-form-control wpcf7-checkbox\"><span class=\"wpcf7-list-item first\"><input type=\"checkbox\" name=\"your-ehliyet[]\" value=\"Var\" \/><span class=\"wpcf7-list-item-label\">Var<\/span><\/span><span class=\"wpcf7-list-item last\"><input type=\"checkbox\" name=\"your-ehliyet[]\" value=\"Yok\" \/><span class=\"wpcf7-list-item-label\">Yok<\/span><\/span><\/span><\/span> <\/label>\n<\/p>\n<p><label class=\"kisa\"> Medeni Hali*<br \/>\n<span class=\"wpcf7-form-control-wrap\" data-name=\"your-medeni\"><span class=\"wpcf7-form-control wpcf7-checkbox\"><span class=\"wpcf7-list-item first\"><input type=\"checkbox\" name=\"your-medeni[]\" value=\"Evli\" \/><span class=\"wpcf7-list-item-label\">Evli<\/span><\/span><span class=\"wpcf7-list-item last\"><input type=\"checkbox\" name=\"your-medeni[]\" value=\"Bekar\" \/><span class=\"wpcf7-list-item-label\">Bekar<\/span><\/span><\/span><\/span> <\/label>\n<\/p>\n<p><label class=\"kisa\"> Cinsiyeti*<br \/>\n<span class=\"wpcf7-form-control-wrap\" data-name=\"your-cinsiyet\"><span class=\"wpcf7-form-control wpcf7-checkbox\"><span class=\"wpcf7-list-item first\"><input type=\"checkbox\" name=\"your-cinsiyet[]\" value=\"Erkek\" \/><span class=\"wpcf7-list-item-label\">Erkek<\/span><\/span><span class=\"wpcf7-list-item last\"><input type=\"checkbox\" name=\"your-cinsiyet[]\" value=\"Kad\u0131n\" \/><span class=\"wpcf7-list-item-label\">Kad\u0131n<\/span><\/span><\/span><\/span> <\/label>\n<\/p>\n<p><label class=\"kisa\"> Seyahat Engeliniz*<br \/>\n<span class=\"wpcf7-form-control-wrap\" data-name=\"your-seyahat\"><span class=\"wpcf7-form-control wpcf7-checkbox\"><span class=\"wpcf7-list-item first\"><input type=\"checkbox\" name=\"your-seyahat[]\" value=\"Var\" \/><span class=\"wpcf7-list-item-label\">Var<\/span><\/span><span class=\"wpcf7-list-item last\"><input type=\"checkbox\" name=\"your-seyahat[]\" value=\"Yok\" \/><span class=\"wpcf7-list-item-label\">Yok<\/span><\/span><\/span><\/span> <\/label>\n<\/p>\n<p><label class=\"kisa3\"> Firmada Tan\u0131d\u0131\u011f\u0131n\u0131z*<br \/>\n<span class=\"wpcf7-form-control-wrap\" data-name=\"your-tanidik\"><span class=\"wpcf7-form-control wpcf7-checkbox\"><span class=\"wpcf7-list-item first\"><input type=\"checkbox\" name=\"your-tanidik[]\" value=\"Var\" \/><span class=\"wpcf7-list-item-label\">Var<\/span><\/span><span class=\"wpcf7-list-item last\"><input type=\"checkbox\" name=\"your-tanidik[]\" value=\"Yok\" \/><span class=\"wpcf7-list-item-label\">Yok<\/span><\/span><\/span><\/span> <\/label>\n<\/p>\n<p><label class=\"kisa2\"> Yabanc\u0131 Dil*<br \/>\n<span class=\"wpcf7-form-control-wrap\" data-name=\"your-dil\"><input size=\"40\" maxlength=\"400\" class=\"wpcf7-form-control wpcf7-text wpcf7-validates-as-required\" aria-required=\"true\" aria-invalid=\"false\" value=\"\" type=\"text\" name=\"your-dil\" \/><\/span> <\/label>\n<\/p>\n<p><label class=\"kisa2\"> Dil Seviyesi*<br \/>\n<span class=\"wpcf7-form-control-wrap\" data-name=\"your-dil-seviye\"><span class=\"wpcf7-form-control wpcf7-checkbox\"><span class=\"wpcf7-list-item first\"><input type=\"checkbox\" name=\"your-dil-seviye[]\" value=\"\u00c7ok \u0130yi\" \/><span class=\"wpcf7-list-item-label\">\u00c7ok \u0130yi<\/span><\/span><span class=\"wpcf7-list-item\"><input type=\"checkbox\" name=\"your-dil-seviye[]\" value=\"\u0130yi\" \/><span class=\"wpcf7-list-item-label\">\u0130yi<\/span><\/span><span class=\"wpcf7-list-item\"><input type=\"checkbox\" name=\"your-dil-seviye[]\" value=\"Orta\" \/><span class=\"wpcf7-list-item-label\">Orta<\/span><\/span><span class=\"wpcf7-list-item last\"><input type=\"checkbox\" name=\"your-dil-seviye[]\" value=\"Az\" \/><span class=\"wpcf7-list-item-label\">Az<\/span><\/span><\/span><\/span> <\/label>\n<\/p>\n<p><label> Konu<br \/>\n<span class=\"wpcf7-form-control-wrap\" data-name=\"your-subject\"><input size=\"40\" maxlength=\"400\" class=\"wpcf7-form-control wpcf7-text\" aria-invalid=\"false\" value=\"\" type=\"text\" name=\"your-subject\" \/><\/span> <\/label>\n<\/p>\n<p><label> \u0130letiniz<br \/>\n<span class=\"wpcf7-form-control-wrap\" data-name=\"your-message\"><textarea cols=\"40\" rows=\"10\" maxlength=\"2000\" class=\"wpcf7-form-control wpcf7-textarea\" aria-invalid=\"false\" name=\"your-message\"><\/textarea><\/span> <\/label>\n<\/p>\n<p><input class=\"wpcf7-form-control wpcf7-submit has-spinner\" type=\"submit\" value=\"G\u00f6nder\" \/>\n<\/p><div class=\"wpcf7-response-output\" aria-hidden=\"true\"><\/div>\n<\/form>\n<\/div>\n\n","protected":false},"excerpt":{"rendered":"","protected":false},"author":1,"featured_media":0,"parent":0,"menu_order":0,"comment_status":"closed","ping_status":"closed","template":"","meta":{"footnotes":""},"class_list":["post-48","page","type-page","status-publish","hentry"],"_hostinger_reach_plugin_has_subscription_block":false,"_hostinger_reach_plugin_is_elementor":false,"_links":{"self":[{"href":"https:\/\/nurgroupmuhendislik.com\/tr\/wp-json\/wp\/v2\/pages\/48","targetHints":{"allow":["GET"]}}],"collection":[{"href":"https:\/\/nurgroupmuhendislik.com\/tr\/wp-json\/wp\/v2\/pages"}],"about":[{"href":"https:\/\/nurgroupmuhendislik.com\/tr\/wp-json\/wp\/v2\/types\/page"}],"author":[{"embeddable":true,"href":"https:\/\/nurgroupmuhendislik.com\/tr\/wp-json\/wp\/v2\/users\/1"}],"replies":[{"embeddable":true,"href":"https:\/\/nurgroupmuhendislik.com\/tr\/wp-json\/wp\/v2\/comments?post=48"}],"version-history":[{"count":0,"href":"https:\/\/nurgroupmuhendislik.com\/tr\/wp-json\/wp\/v2\/pages\/48\/revisions"}],"wp:attachment":[{"href":"https:\/\/nurgroupmuhendislik.com\/tr\/wp-json\/wp\/v2\/media?parent=48"}],"curies":[{"name":"wp","href":"https:\/\/api.w.org\/{rel}","templated":true}]}}