{"id":4079,"date":"2020-06-19T13:57:40","date_gmt":"2020-06-19T10:57:40","guid":{"rendered":"http:\/\/nurgroupmuhendislik.com\/?page_id=4079"},"modified":"2023-04-25T13:12:06","modified_gmt":"2023-04-25T10:12:06","slug":"dokumanlar","status":"publish","type":"page","link":"https:\/\/nurgroupmuhendislik.com\/tr\/dokumanlar\/","title":{"rendered":"KAL\u0130TE VE KAPAS\u0130TE BELGELER\u0130M\u0130Z"},"content":{"rendered":"<h3><span style=\"color: #ff9900;\">AB UYGUNLUK -CE DEKLERASYONUMUZ\u00a0 \u0130\u00c7\u0130N A\u015eA\u011eIDAK\u0130 L\u0130NKE \u21d3\u21d3 TIKLAYINIZ.<\/span><\/h3>\n<h3><span style=\"color: #000080;\"><a href=\"https:\/\/nurgroupmuhendislik.com\/wp-content\/uploads\/2022\/04\/AB-UYGUNLUK-BELGESI-CE-DEKLERASYONU-NG.pdf\" class=\"pdfemb-viewer\" style=\"\" data-width=\"max\" data-height=\"max\" data-toolbar=\"bottom\" data-toolbar-fixed=\"off\">AB UYGUNLUK BELGES\u0130 CE DEKLERASYONU -NG<\/a><\/span><\/h3>\n<h3><span style=\"color: #ff9900;\">\u0130SO 9001 SERT\u0130F\u0130KAMIZ\u21d3\u21d3\u21d3 \u0130\u00c7\u0130N A\u015eA\u011eIDAK\u0130 L\u0130NKE TIKLAYINIZ<\/span><\/h3>\n<h3><span style=\"color: #003366;\"><a href=\"https:\/\/nurgroupmuhendislik.com\/wp-content\/uploads\/2023\/02\/NG-9001-CERT.pdf\" class=\"pdfemb-viewer\" style=\"\" data-width=\"max\" data-height=\"max\" data-toolbar=\"bottom\" data-toolbar-fixed=\"off\">NG 9001 CERT<\/a><\/span><\/h3>\n<p><strong><span style=\"color: #ff9900;\">\u0130SO45001 SERT\u0130F\u0130KAMIZ \u21d3\u21d3\u21d3 \u0130\u00c7\u0130N A\u015eA\u011eIDAK\u0130 L\u0130NKE TIKLAYINIZ<\/span><\/strong><\/p>\n<h3><span style=\"color: #003366;\"><a href=\"https:\/\/nurgroupmuhendislik.com\/wp-content\/uploads\/2023\/02\/NG-45001-CERT.pdf\" class=\"pdfemb-viewer\" style=\"\" data-width=\"max\" data-height=\"max\" data-toolbar=\"bottom\" data-toolbar-fixed=\"off\">NG 45001 CERT<\/a><\/span><\/h3>\n<p><span style=\"color: #ff9900;\"><strong>\u0130SO 14001 SERT\u0130F\u0130KAMIZ \u21d3\u21d3\u21d3 \u0130\u00c7\u0130N A\u015eA\u011eIDAK\u0130 L\u0130NKE TIKLAYINIZ<\/strong><\/span><\/p>\n<h3><span style=\"color: #003366;\"><a href=\"https:\/\/nurgroupmuhendislik.com\/wp-content\/uploads\/2023\/02\/NG-14001-CERT.pdf\" class=\"pdfemb-viewer\" style=\"\" data-width=\"max\" data-height=\"max\" data-toolbar=\"bottom\" data-toolbar-fixed=\"off\">NG 14001 CERT<\/a><\/span><\/h3>\n<h3><span style=\"color: #ff9900;\">SANAY\u0130 S\u0130C\u0130L BELGEM\u0130Z\u00a0 \u0130\u00c7\u0130N A\u015eA\u011eIDAK\u0130\u21d3\u21d3 L\u0130NKE TIKLAYINIZ<\/span><\/h3>\n<h3><span style=\"color: #000080;\"><a href=\"https:\/\/nurgroupmuhendislik.com\/wp-content\/uploads\/2022\/04\/SanayiSicilBelgesi-1.pdf\" class=\"pdfemb-viewer\" style=\"\" data-width=\"max\" data-height=\"max\" data-toolbar=\"bottom\" data-toolbar-fixed=\"off\">nur grup m\u00fchendislik sanayi sicil belgesi<\/a><\/span><\/h3>\n","protected":false},"excerpt":{"rendered":"<p>AB UYGUNLUK -CE DEKLERASYONUMUZ\u00a0 \u0130\u00c7\u0130N A\u015eA\u011eIDAK\u0130 L\u0130NKE \u21d3\u21d3 TIKLAYINIZ. \u0130SO 9001 SERT\u0130F\u0130KAMIZ\u21d3\u21d3\u21d3 \u0130\u00c7\u0130N A\u015eA\u011eIDAK\u0130 L\u0130NKE TIKLAYINIZ \u0130SO45001 SERT\u0130F\u0130KAMIZ \u21d3\u21d3\u21d3 \u0130\u00c7\u0130N A\u015eA\u011eIDAK\u0130 L\u0130NKE TIKLAYINIZ \u0130SO 14001 SERT\u0130F\u0130KAMIZ \u21d3\u21d3\u21d3 \u0130\u00c7\u0130N A\u015eA\u011eIDAK\u0130 L\u0130NKE TIKLAYINIZ SANAY\u0130 S\u0130C\u0130L BELGEM\u0130Z\u00a0 \u0130\u00c7\u0130N A\u015eA\u011eIDAK\u0130\u21d3\u21d3 L\u0130NKE TIKLAYINIZ<\/p>\n","protected":false},"author":1,"featured_media":0,"parent":0,"menu_order":0,"comment_status":"closed","ping_status":"closed","template":"","meta":{"footnotes":""},"class_list":["post-4079","page","type-page","status-publish","hentry"],"_hostinger_reach_plugin_has_subscription_block":false,"_hostinger_reach_plugin_is_elementor":false,"_links":{"self":[{"href":"https:\/\/nurgroupmuhendislik.com\/tr\/wp-json\/wp\/v2\/pages\/4079","targetHints":{"allow":["GET"]}}],"collection":[{"href":"https:\/\/nurgroupmuhendislik.com\/tr\/wp-json\/wp\/v2\/pages"}],"about":[{"href":"https:\/\/nurgroupmuhendislik.com\/tr\/wp-json\/wp\/v2\/types\/page"}],"author":[{"embeddable":true,"href":"https:\/\/nurgroupmuhendislik.com\/tr\/wp-json\/wp\/v2\/users\/1"}],"replies":[{"embeddable":true,"href":"https:\/\/nurgroupmuhendislik.com\/tr\/wp-json\/wp\/v2\/comments?post=4079"}],"version-history":[{"count":0,"href":"https:\/\/nurgroupmuhendislik.com\/tr\/wp-json\/wp\/v2\/pages\/4079\/revisions"}],"wp:attachment":[{"href":"https:\/\/nurgroupmuhendislik.com\/tr\/wp-json\/wp\/v2\/media?parent=4079"}],"curies":[{"name":"wp","href":"https:\/\/api.w.org\/{rel}","templated":true}]}}