{"id":24,"date":"2018-10-08T00:54:00","date_gmt":"2018-10-07T21:54:00","guid":{"rendered":"http:\/\/medanis.net\/nurgrup\/?page_id=24"},"modified":"2025-06-30T17:42:51","modified_gmt":"2025-06-30T14:42:51","slug":"iletisim","status":"publish","type":"page","link":"https:\/\/nurgroupmuhendislik.com\/tr\/iletisim\/","title":{"rendered":"\u0130LET\u0130\u015e\u0130M KUR"},"content":{"rendered":"<section style=\"max-width: 1000px; margin: 0 auto; padding: 20px; font-family: sans-serif;\">\n<h1 style=\"color: #f75c03; font-size: 28px; border-bottom: 2px solid #f75c03; padding-bottom: 8px;\">\u0130leti\u015fim \/ Contact<\/h1>\n<h2 style=\"color: #f75c03; font-size: 22px; margin-top: 30px;\">\u00a0Fabrika \/ Factory<\/h2>\n<p style=\"font-size: 16px; line-height: 1.6;\"><strong>Adres:<\/strong> Ostim OSB 1271. Cadde No:16-17-18 Yenimahalle \/ Ankara \u2013 T\u00fcrkiye<br \/>\n<strong>E-posta:<\/strong> <a style=\"color: #000;\" href=\"mailto:info@nurgroup.com.tr\">info@nurgroup.com.tr<\/a><br \/>\n<strong>Telefon:<\/strong> +90 (312) 440 60 34 (Pbx)<br \/>\n<strong>Telefon 2:<\/strong> +90 (312) 394 60 77<\/p>\n<h2 style=\"color: #f75c03; font-size: 22px; margin-top: 30px;\">\ud83d\udcc2 Y\u00f6netim \/ Muhasebe \/ Sat\u0131n Alma \/ D\u0131\u015f Ticaret<\/h2>\n<p style=\"font-size: 16px; line-height: 1.6;\"><strong>Adres:<\/strong> Ostim OSB 1271. Cadde, At\u00fc \u0130\u015f Merkezi No:5 Yenimahalle \/ Ankara \u2013 T\u00fcrkiye<br \/>\n<strong>KEP Adresi:<\/strong> <a style=\"color: #000;\" href=\"mailto:ng@hs01.kep.tr\">ng@hs01.kep.tr<\/a><\/p>\n<h2 style=\"color: #f75c03; font-size: 22px; margin-top: 30px;\">\ud83d\udce7 E-Posta Adresleri<\/h2>\n<ul style=\"font-size: 16px; line-height: 1.8; padding-left: 20px;\">\n<li><strong>Sat\u0131\u015f:<\/strong> <a style=\"color: #000;\" href=\"mailto:satis@nurgroup.com.tr\">satis@nurgroup.com.tr<\/a><\/li>\n<li><strong>\u0130hracat:<\/strong> <a style=\"color: #000;\" href=\"mailto:export@nurgroup.com.tr\">export@nurgroup.com.tr<\/a><\/li>\n<li><strong>Muhasebe:<\/strong> <a style=\"color: #000;\" href=\"mailto:muhasebe@nurgroup.com.tr\">muhasebe@nurgroup.com.tr<\/a><\/li>\n<li><strong>Hukuk:<\/strong> <a style=\"color: #000;\" href=\"mailto:hukuk@nurgroup.com.tr\">hukuk@nurgroup.com.tr<\/a><\/li>\n<\/ul>\n<\/section>\n","protected":false},"excerpt":{"rendered":"<p>\u0130leti\u015fim \/ Contact \u00a0Fabrika \/ Factory Adres: Ostim OSB 1271. Cadde No:16-17-18 Yenimahalle \/ Ankara \u2013 T\u00fcrkiye E-posta: info@nurgroup.com.tr Telefon: +90 (312) 440 60 34 (Pbx) Telefon 2: +90 (312) 394 60 77 \ud83d\udcc2 Y\u00f6netim \/ Muhasebe \/ Sat\u0131n Alma \/ D\u0131\u015f Ticaret Adres: Ostim OSB 1271. Cadde, At\u00fc \u0130\u015f Merkezi No:5 Yenimahalle \/ Ankara [&hellip;]<\/p>\n","protected":false},"author":1,"featured_media":13412,"parent":0,"menu_order":0,"comment_status":"closed","ping_status":"closed","template":"page-iletisim.php","meta":{"footnotes":""},"class_list":["post-24","page","type-page","status-publish","has-post-thumbnail","hentry"],"_hostinger_reach_plugin_has_subscription_block":false,"_hostinger_reach_plugin_is_elementor":false,"_links":{"self":[{"href":"https:\/\/nurgroupmuhendislik.com\/tr\/wp-json\/wp\/v2\/pages\/24","targetHints":{"allow":["GET"]}}],"collection":[{"href":"https:\/\/nurgroupmuhendislik.com\/tr\/wp-json\/wp\/v2\/pages"}],"about":[{"href":"https:\/\/nurgroupmuhendislik.com\/tr\/wp-json\/wp\/v2\/types\/page"}],"author":[{"embeddable":true,"href":"https:\/\/nurgroupmuhendislik.com\/tr\/wp-json\/wp\/v2\/users\/1"}],"replies":[{"embeddable":true,"href":"https:\/\/nurgroupmuhendislik.com\/tr\/wp-json\/wp\/v2\/comments?post=24"}],"version-history":[{"count":2,"href":"https:\/\/nurgroupmuhendislik.com\/tr\/wp-json\/wp\/v2\/pages\/24\/revisions"}],"predecessor-version":[{"id":24823,"href":"https:\/\/nurgroupmuhendislik.com\/tr\/wp-json\/wp\/v2\/pages\/24\/revisions\/24823"}],"wp:featuredmedia":[{"embeddable":true,"href":"https:\/\/nurgroupmuhendislik.com\/tr\/wp-json\/wp\/v2\/media\/13412"}],"wp:attachment":[{"href":"https:\/\/nurgroupmuhendislik.com\/tr\/wp-json\/wp\/v2\/media?parent=24"}],"curies":[{"name":"wp","href":"https:\/\/api.w.org\/{rel}","templated":true}]}}