{"id":22468,"date":"2025-05-22T20:07:33","date_gmt":"2025-05-22T17:07:33","guid":{"rendered":"https:\/\/nurgroupmuhendislik.com\/?page_id=22468"},"modified":"2025-05-22T20:09:18","modified_gmt":"2025-05-22T17:09:18","slug":"ng-attachments-turkiye-sayfasina-hos-geldiniz-ekskavator-atasmanlari-ve-agir-is-ekipmanlarinda-ustun-yerli-uretim-gucumuzle-karsinizdayiz","status":"publish","type":"page","link":"https:\/\/nurgroupmuhendislik.com\/tr\/ng-attachments-turkiye-sayfasina-hos-geldiniz-ekskavator-atasmanlari-ve-agir-is-ekipmanlarinda-ustun-yerli-uretim-gucumuzle-karsinizdayiz\/","title":{"rendered":"NG Attachments T\u00fcrkiye sayfas\u0131na ho\u015f geldiniz. Ekskavat\u00f6r ata\u015fmanlar\u0131 ve a\u011f\u0131r i\u015f ekipmanlar\u0131nda \u00fcst\u00fcn yerli \u00fcretim g\u00fcc\u00fcm\u00fczle kar\u015f\u0131n\u0131zday\u0131z."},"content":{"rendered":"<p>&nbsp;<\/p>\n<p>NG Attachments T\u00fcrkiye Sayfas\u0131na Ho\u015f Geldiniz<\/p>\n<p>Ekskavat\u00f6r ata\u015fmanlar\u0131 ve a\u011f\u0131r i\u015f ekipmanlar\u0131nda \u00fcst\u00fcn yerli \u00fcretim g\u00fcc\u00fcm\u00fczle kar\u015f\u0131n\u0131zday\u0131z.<\/p>\n<p>&nbsp;<\/p>\n","protected":false},"excerpt":{"rendered":"<p>&nbsp; NG Attachments T\u00fcrkiye Sayfas\u0131na Ho\u015f Geldiniz Ekskavat\u00f6r ata\u015fmanlar\u0131 ve a\u011f\u0131r i\u015f ekipmanlar\u0131nda \u00fcst\u00fcn yerli \u00fcretim g\u00fcc\u00fcm\u00fczle kar\u015f\u0131n\u0131zday\u0131z. &nbsp;<\/p>\n","protected":false},"author":1,"featured_media":0,"parent":0,"menu_order":0,"comment_status":"closed","ping_status":"closed","template":"","meta":{"footnotes":""},"class_list":["post-22468","page","type-page","status-publish","hentry"],"_hostinger_reach_plugin_has_subscription_block":false,"_hostinger_reach_plugin_is_elementor":false,"_links":{"self":[{"href":"https:\/\/nurgroupmuhendislik.com\/tr\/wp-json\/wp\/v2\/pages\/22468","targetHints":{"allow":["GET"]}}],"collection":[{"href":"https:\/\/nurgroupmuhendislik.com\/tr\/wp-json\/wp\/v2\/pages"}],"about":[{"href":"https:\/\/nurgroupmuhendislik.com\/tr\/wp-json\/wp\/v2\/types\/page"}],"author":[{"embeddable":true,"href":"https:\/\/nurgroupmuhendislik.com\/tr\/wp-json\/wp\/v2\/users\/1"}],"replies":[{"embeddable":true,"href":"https:\/\/nurgroupmuhendislik.com\/tr\/wp-json\/wp\/v2\/comments?post=22468"}],"version-history":[{"count":2,"href":"https:\/\/nurgroupmuhendislik.com\/tr\/wp-json\/wp\/v2\/pages\/22468\/revisions"}],"predecessor-version":[{"id":22470,"href":"https:\/\/nurgroupmuhendislik.com\/tr\/wp-json\/wp\/v2\/pages\/22468\/revisions\/22470"}],"wp:attachment":[{"href":"https:\/\/nurgroupmuhendislik.com\/tr\/wp-json\/wp\/v2\/media?parent=22468"}],"curies":[{"name":"wp","href":"https:\/\/api.w.org\/{rel}","templated":true}]}}