{"id":6179,"date":"2020-11-25T08:55:36","date_gmt":"2020-11-25T05:55:36","guid":{"rendered":"http:\/\/nurgroupmuhendislik.com\/?page_id=6179"},"modified":"2025-07-12T15:54:47","modified_gmt":"2025-07-12T12:54:47","slug":"contact","status":"publish","type":"page","link":"https:\/\/nurgroupmuhendislik.com\/fr\/contact\/","title":{"rendered":"NOUS CONTACTER"},"content":{"rendered":"<div style=\"font-family: Arial, sans-serif; max-width: 800px; margin: auto; line-height: 1.6; color: #333; direction: ltr; text-align: left;\">\n<h2 style=\"color: #f75c03;\">\u00a0INFORMATIONS DE CONTACT<\/h2>\n<h3 style=\"color: #f75c03;\">\ud83c\udfe2 Si\u00e8ge Social<\/h3>\n<p>\ud83d\udccd Ostim OSB, Rue 1271 No:18<br \/>\nQuartier Yenimahalle, Ankara, Turquie<br \/>\n\ud83d\udcde T\u00e9l\u00e9phone : +90 (312) 440 60 34<br \/>\n\ud83d\udce0 Fax : +90 (312) 440 60 76<br \/>\n<img decoding=\"async\" style=\"height: 16px; vertical-align: middle; margin-right: 5px;\" src=\"https:\/\/upload.wikimedia.org\/wikipedia\/commons\/6\/6b\/WhatsApp.svg\" alt=\"WhatsApp\" title=\"[\u00dcr\u00fcn Ad\u0131] - NG Attachments\"><br \/>\n<a style=\"text-decoration: none; color: #25d366;\" href=\"https:\/\/wa.me\/905549160287\" target=\"_blank\" rel=\"noopener nofollow\">WhatsApp : +90 (554) 916 02 87<\/a><br \/>\n\u2709\ufe0f E-mail : <a href=\"mailto:export@nurgroup.com.tr\">export@nurgroup.com.tr<\/a><\/p>\n<h3 style=\"color: #f75c03;\">\ud83c\udfed Usine de Production<\/h3>\n<p>\ud83d\udccd Ostim OSB, Rue 1271 No:20<br \/>\nQuartier Yenimahalle, Ankara, Turquie<br \/>\n\ud83d\udcde T\u00e9l\u00e9phone : +90 (312) 440 60 34<br \/>\n\ud83d\udce0 Fax : +90 (312) 440 60 76<br \/>\n\u2709\ufe0f E-mail : <a href=\"mailto:export@nurgroup.com.tr\">export@nurgroup.com.tr<\/a><\/p>\n<hr style=\"border: none; border-top: 1px solid #ccc; margin: 30px 0;\" \/>\n<p>&nbsp;<\/p>\n<\/div>\n","protected":false},"excerpt":{"rendered":"<p>\u00a0INFORMATIONS DE CONTACT \ud83c\udfe2 Si\u00e8ge Social \ud83d\udccd Ostim OSB, Rue 1271 No:18 Quartier Yenimahalle, Ankara, Turquie \ud83d\udcde T\u00e9l\u00e9phone : +90 (312) 440 60 34 \ud83d\udce0 Fax : +90 (312) 440 60 76 WhatsApp : +90 (554) 916 02 87 \u2709\ufe0f E-mail : export@nurgroup.com.tr \ud83c\udfed Usine de Production \ud83d\udccd Ostim OSB, Rue 1271 No:20 Quartier Yenimahalle, [&hellip;]<\/p>\n","protected":false},"author":1,"featured_media":0,"parent":0,"menu_order":0,"comment_status":"closed","ping_status":"closed","template":"","meta":{"footnotes":""},"class_list":["post-6179","page","type-page","status-publish","hentry"],"_hostinger_reach_plugin_has_subscription_block":false,"_hostinger_reach_plugin_is_elementor":false,"_links":{"self":[{"href":"https:\/\/nurgroupmuhendislik.com\/fr\/wp-json\/wp\/v2\/pages\/6179","targetHints":{"allow":["GET"]}}],"collection":[{"href":"https:\/\/nurgroupmuhendislik.com\/fr\/wp-json\/wp\/v2\/pages"}],"about":[{"href":"https:\/\/nurgroupmuhendislik.com\/fr\/wp-json\/wp\/v2\/types\/page"}],"author":[{"embeddable":true,"href":"https:\/\/nurgroupmuhendislik.com\/fr\/wp-json\/wp\/v2\/users\/1"}],"replies":[{"embeddable":true,"href":"https:\/\/nurgroupmuhendislik.com\/fr\/wp-json\/wp\/v2\/comments?post=6179"}],"version-history":[{"count":4,"href":"https:\/\/nurgroupmuhendislik.com\/fr\/wp-json\/wp\/v2\/pages\/6179\/revisions"}],"predecessor-version":[{"id":27315,"href":"https:\/\/nurgroupmuhendislik.com\/fr\/wp-json\/wp\/v2\/pages\/6179\/revisions\/27315"}],"wp:attachment":[{"href":"https:\/\/nurgroupmuhendislik.com\/fr\/wp-json\/wp\/v2\/media?parent=6179"}],"curies":[{"name":"wp","href":"https:\/\/api.w.org\/{rel}","templated":true}]}}