{"id":27333,"date":"2025-07-12T16:23:29","date_gmt":"2025-07-12T13:23:29","guid":{"rendered":"https:\/\/nurgroupmuhendislik.com\/?page_id=27333"},"modified":"2025-07-12T16:23:29","modified_gmt":"2025-07-12T13:23:29","slug":"en-la-prensa","status":"publish","type":"page","link":"https:\/\/nurgroupmuhendislik.com\/es\/en-la-prensa\/","title":{"rendered":"EN LA PRENSA"},"content":{"rendered":"<p>&nbsp;<\/p>\n<h1 style=\"color: #f75c03;\">En la Prensa<\/h1>\n<h2 style=\"color: #f75c03;\">NG Attachments en los Medios Internacionales<\/h2>\n<p>NG Attachments, fabricante turco de implementos para maquinaria pesada, ha sido destacado en diversos medios nacionales e internacionales. A continuaci\u00f3n, algunos de los art\u00edculos m\u00e1s relevantes sobre nuestra empresa:<\/p>\n<ul style=\"line-height: 1.8;\">\n<li><a href=\"https:\/\/www.aa.com.tr\/tr\/gundem\/turk-kepce-ureticisi-gozunu-abd-pazarina-dikti\/3402627\" target=\"_blank\" rel=\"noopener nofollow\">Agencia Anadolu \u2013 Fabricante turco apunta al mercado de EE.UU.<\/a><\/li>\n<li><a href=\"https:\/\/www.ostimgazetesi.com\/ostim\/miami-limaninin-atasmanlari-ostimden-haberi-3759\" target=\"_blank\" rel=\"noopener nofollow\">Ostim Gazetesi \u2013 Accesorios de OSTIM para el puerto de Miami<\/a><\/li>\n<li><a href=\"https:\/\/www.sozcu.com.tr\/turk-kepce-ureticisi-gozunu-abd-pazarina-dikti-p107247\" target=\"_blank\" rel=\"noopener nofollow\">S\u00f6zc\u00fc \u2013 NG Attachments ingresa al mercado estadounidense<\/a><\/li>\n<li><a href=\"https:\/\/halktv.com.tr\/ekonomi\/turk-kepce-ureticisi-abdye-aciliyor-890973h\" target=\"_blank\" rel=\"noopener nofollow\">Halk TV \u2013 Exportaci\u00f3n turca de implementos hidr\u00e1ulicos<\/a><\/li>\n<li><a href=\"https:\/\/www.haberabd.com\/turk-kepce-ureticisi-gozunu-abd-pazarina-dikti-396760h.htm\" target=\"_blank\" rel=\"noopener nofollow\">HaberABD \u2013 NG Attachments en medios de EE.UU.<\/a><\/li>\n<li><a href=\"https:\/\/www.haberturk.com\/ankara-haberleri\/36276837-ozel-haber-gundemi\u201324-kasim-2024\" target=\"_blank\" rel=\"noopener nofollow\">Habert\u00fcrk \u2013 \u00c9xito global desde OST\u0130M<\/a><\/li>\n<\/ul>\n<h2 style=\"color: #f75c03;\">Temas Destacados<\/h2>\n<ul>\n<li>Implementos hidr\u00e1ulicos para puertos y demolici\u00f3n<\/li>\n<li>Expansi\u00f3n de mercado en Am\u00e9rica del Norte<\/li>\n<li>Fabricaci\u00f3n con certificaci\u00f3n CE en Turqu\u00eda<\/li>\n<li>Soluciones personalizadas para excavadoras y cargadoras<\/li>\n<\/ul>\n<h2 style=\"color: #f75c03;\">Contacto de Prensa<\/h2>\n<p>Para solicitudes de entrevistas, kits de prensa o m\u00e1s informaci\u00f3n:<\/p>\n<p><a style=\"color: #f75c03;\" href=\"mailto:info@nurgroupmuhendislik.com\">info@nurgroupmuhendislik.com<\/a><br \/>\n<a style=\"color: #f75c03;\" href=\"https:\/\/nurgroupmuhendislik.com\" target=\"_blank\" rel=\"noopener\">nurgroupmuhendislik.com<\/a><\/p>\n<p><!-- Palabras clave ocultas para SEO --><\/p>\n<div style=\"display: none;\">NG Attachments prensa, fabricante cucharones Turqu\u00eda, equipos hidr\u00e1ulicos excavadora, exportaci\u00f3n implementos maquinaria, grapas, boom demolici\u00f3n, accesorios para excavadoras, maquinaria pesada turca, prensa internacional construcci\u00f3n, implementos portuarios<\/div>\n<p>&nbsp;<\/p>\n","protected":false},"excerpt":{"rendered":"<p>&nbsp; En la Prensa NG Attachments en los Medios Internacionales NG Attachments, fabricante turco de implementos para maquinaria pesada, ha sido destacado en diversos medios nacionales e internacionales. A continuaci\u00f3n, algunos de los art\u00edculos m\u00e1s relevantes sobre nuestra empresa: Agencia Anadolu \u2013 Fabricante turco apunta al mercado de EE.UU. Ostim Gazetesi \u2013 Accesorios de OSTIM [&hellip;]<\/p>\n","protected":false},"author":1,"featured_media":0,"parent":0,"menu_order":0,"comment_status":"closed","ping_status":"closed","template":"","meta":{"footnotes":""},"class_list":["post-27333","page","type-page","status-publish","hentry"],"_hostinger_reach_plugin_has_subscription_block":false,"_hostinger_reach_plugin_is_elementor":false,"_links":{"self":[{"href":"https:\/\/nurgroupmuhendislik.com\/es\/wp-json\/wp\/v2\/pages\/27333","targetHints":{"allow":["GET"]}}],"collection":[{"href":"https:\/\/nurgroupmuhendislik.com\/es\/wp-json\/wp\/v2\/pages"}],"about":[{"href":"https:\/\/nurgroupmuhendislik.com\/es\/wp-json\/wp\/v2\/types\/page"}],"author":[{"embeddable":true,"href":"https:\/\/nurgroupmuhendislik.com\/es\/wp-json\/wp\/v2\/users\/1"}],"replies":[{"embeddable":true,"href":"https:\/\/nurgroupmuhendislik.com\/es\/wp-json\/wp\/v2\/comments?post=27333"}],"version-history":[{"count":2,"href":"https:\/\/nurgroupmuhendislik.com\/es\/wp-json\/wp\/v2\/pages\/27333\/revisions"}],"predecessor-version":[{"id":27335,"href":"https:\/\/nurgroupmuhendislik.com\/es\/wp-json\/wp\/v2\/pages\/27333\/revisions\/27335"}],"wp:attachment":[{"href":"https:\/\/nurgroupmuhendislik.com\/es\/wp-json\/wp\/v2\/media?parent=27333"}],"curies":[{"name":"wp","href":"https:\/\/api.w.org\/{rel}","templated":true}]}}